{"id":19,"date":"2024-04-30T18:54:46","date_gmt":"2024-04-30T16:54:46","guid":{"rendered":"https:\/\/914e.de\/?page_id=19"},"modified":"2025-03-21T15:06:58","modified_gmt":"2025-03-21T14:06:58","slug":"startseite","status":"publish","type":"page","link":"https:\/\/914e.de\/","title":{"rendered":"Startseite"},"content":{"rendered":"\r\n<p class=\"has-medium-font-size\"><strong>Alt trifft neu<\/strong><\/p>\r\n\r\n\r\n\r\n<p>Der Porsche 914 war in den 70er Jahren als \u201eVolksporsche\u201c oder VW-Porsche bekannt. Heute ist er ein seltener Klassiker, der die Herzen vieler Oldtimer-Fans h\u00f6her schlagen l\u00e4sst. Doch dieser 914E ist etwas ganz Besonderes: Er f\u00e4hrt elektrisch ohne seinen Charme zu verlieren.<\/p>\r\n\r\n\r\n\r\n<p>Hinter diesem Projekt steckt die Stiftung meistro, die sich u.a. f\u00fcr Natur- und Umweltschutz sowie f\u00fcr regenerative Energien einsetzt. Die Stiftung hat einen Oldtimer geschaffen, der beide Welten vereint: den historischen Charakter mit einem nachhaltigen, modernen Antrieb.<\/p>\r\n\r\n\r\n\r\n<p>Er sieht aus wie das Original, hat aber einen Tesla-Elektromotor und Taycan-Akkus verbaut. Diese Teile wurden gebraucht erworben, um den CO<sub>2<\/sub>-Fu\u00dfabdruck zu minimieren. Notwendige Anpassungen, wie z.B. den Drehzahlmesser, wurden im urspr\u00fcnglichen Design des Wagens gestaltet.<\/p>\r\n\r\n\r\n\r\n<p>Der 914E f\u00e4hrt jetzt nicht nur emissionsfrei, sondern auch leise und macht Spa\u00df. Er verbrennt keine 12 Liter Benzin \/ 100 km mehr, ist umweltfreundlich und alltagstauglich.<\/p>\r\n\r\n\r\n\r\n<p>Wir setzen diesen Porsche bei Oldtimer Rallyes und weiteren Events ein. Dabei wird der 914E sicherlich f\u00fcr Aufsehen sorgen, denn er ist ein Pionier unter den Oldtimern. Er zeigt, dass man einen Klassiker lieben kann ohne auf die Vorteile der Elektromobilit\u00e4t zu verzichten.<\/p>\r\n\r\n\r\n\r\n<p>Er ist ein Oldtimer mit Zukunft.<\/p>\r\n","protected":false},"excerpt":{"rendered":"<p>Alt trifft neu Der Porsche 914 war in den 70er Jahren als \u201eVolksporsche\u201c oder VW-Porsche bekannt. Heute ist er ein seltener Klassiker, der die Herzen vieler Oldtimer-Fans h\u00f6her schlagen l\u00e4sst. Doch dieser 914E ist etwas ganz Besonderes: Er f\u00e4hrt elektrisch ohne seinen Charme zu verlieren. Hinter diesem Projekt steckt die Stiftung meistro, die sich u.a. &hellip; <\/p>\n<p class=\"link-more\"><a href=\"https:\/\/914e.de\/\" class=\"more-link\"><span class=\"screen-reader-text\">\u201eStartseite\u201c<\/span> weiterlesen<\/a><\/p>\n","protected":false},"author":2,"featured_media":0,"parent":0,"menu_order":0,"comment_status":"closed","ping_status":"closed","template":"","meta":{"footnotes":""},"class_list":["post-19","page","type-page","status-publish","hentry"],"_links":{"self":[{"href":"https:\/\/914e.de\/index.php?rest_route=\/wp\/v2\/pages\/19","targetHints":{"allow":["GET"]}}],"collection":[{"href":"https:\/\/914e.de\/index.php?rest_route=\/wp\/v2\/pages"}],"about":[{"href":"https:\/\/914e.de\/index.php?rest_route=\/wp\/v2\/types\/page"}],"author":[{"embeddable":true,"href":"https:\/\/914e.de\/index.php?rest_route=\/wp\/v2\/users\/2"}],"replies":[{"embeddable":true,"href":"https:\/\/914e.de\/index.php?rest_route=%2Fwp%2Fv2%2Fcomments&post=19"}],"version-history":[{"count":4,"href":"https:\/\/914e.de\/index.php?rest_route=\/wp\/v2\/pages\/19\/revisions"}],"predecessor-version":[{"id":69,"href":"https:\/\/914e.de\/index.php?rest_route=\/wp\/v2\/pages\/19\/revisions\/69"}],"wp:attachment":[{"href":"https:\/\/914e.de\/index.php?rest_route=%2Fwp%2Fv2%2Fmedia&parent=19"}],"curies":[{"name":"wp","href":"https:\/\/api.w.org\/{rel}","templated":true}]}}