{"id":20,"date":"2024-04-30T18:54:46","date_gmt":"2024-04-30T16:54:46","guid":{"rendered":"https:\/\/914e.de\/?page_id=20"},"modified":"2024-09-03T12:22:50","modified_gmt":"2024-09-03T10:22:50","slug":"ueber-uns","status":"publish","type":"page","link":"https:\/\/914e.de\/?page_id=20","title":{"rendered":"Stiftung meistro und der Porsche 914E"},"content":{"rendered":"<p>Die gemeinn\u00fctzige <strong>Stiftung meistro<\/strong> hat sich zum Ziel gesetzt, den Natur- und Umweltschutz zu f\u00f6rdern, Verbraucher in Fragen erneuerbarer Energien zu beraten und sich in der Jugend- und Altenhilfe zu engagieren.<\/p>\r\n<p>Hinter unserer Stiftung steht die meistro Unternehmensgruppe. Sie ist ein 360\u00b0 Energie-Partner, der die gesamte Wertsch\u00f6pfungskette von der Erzeugung \u00fcber intelligentes Energiemanagement bis zur (Direkt-) Vermarktung abdeckt. Um dem sozialen Handeln ein Gesicht zu geben, wurde anl\u00e4sslich des 10-j\u00e4hrigen meistro Bestehens 2016 die Stiftung meistro gGmbH gegr\u00fcndet.<\/p>\r\n<p>Als gemeinn\u00fctzige Stiftung d\u00fcrfen wir keine Kommunikation wie ein Wirtschaftsunternehmen betreiben. Deshalb haben wir uns f\u00fcr einen anderen Weg entschieden. Ein Ergebnis daraus ist dieses Fahrzeug: Es begeistert, es polarisiert und es f\u00e4llt auf. So kommen wir \u00fcber den VW-Porsche 914E ins Gespr\u00e4ch, weil die Frage \u201ewarum habt ihr das gemacht\u201c immer kommt.<\/p>\r\n","protected":false},"excerpt":{"rendered":"<p>Die gemeinn\u00fctzige Stiftung meistro hat sich zum Ziel gesetzt, den Natur- und Umweltschutz zu f\u00f6rdern, Verbraucher in Fragen erneuerbarer Energien zu beraten und sich in der Jugend- und Altenhilfe zu engagieren. Hinter unserer Stiftung steht die meistro Unternehmensgruppe. Sie ist ein 360\u00b0 Energie-Partner, der die gesamte Wertsch\u00f6pfungskette von der Erzeugung \u00fcber intelligentes Energiemanagement bis zur &hellip; <\/p>\n<p class=\"link-more\"><a href=\"https:\/\/914e.de\/?page_id=20\" class=\"more-link\"><span class=\"screen-reader-text\">\u201eStiftung meistro und der Porsche 914E\u201c<\/span> weiterlesen<\/a><\/p>\n","protected":false},"author":2,"featured_media":195,"parent":0,"menu_order":0,"comment_status":"closed","ping_status":"closed","template":"","meta":{"footnotes":""},"class_list":["post-20","page","type-page","status-publish","has-post-thumbnail","hentry"],"_links":{"self":[{"href":"https:\/\/914e.de\/index.php?rest_route=\/wp\/v2\/pages\/20","targetHints":{"allow":["GET"]}}],"collection":[{"href":"https:\/\/914e.de\/index.php?rest_route=\/wp\/v2\/pages"}],"about":[{"href":"https:\/\/914e.de\/index.php?rest_route=\/wp\/v2\/types\/page"}],"author":[{"embeddable":true,"href":"https:\/\/914e.de\/index.php?rest_route=\/wp\/v2\/users\/2"}],"replies":[{"embeddable":true,"href":"https:\/\/914e.de\/index.php?rest_route=%2Fwp%2Fv2%2Fcomments&post=20"}],"version-history":[{"count":6,"href":"https:\/\/914e.de\/index.php?rest_route=\/wp\/v2\/pages\/20\/revisions"}],"predecessor-version":[{"id":134,"href":"https:\/\/914e.de\/index.php?rest_route=\/wp\/v2\/pages\/20\/revisions\/134"}],"wp:featuredmedia":[{"embeddable":true,"href":"https:\/\/914e.de\/index.php?rest_route=\/wp\/v2\/media\/195"}],"wp:attachment":[{"href":"https:\/\/914e.de\/index.php?rest_route=%2Fwp%2Fv2%2Fmedia&parent=20"}],"curies":[{"name":"wp","href":"https:\/\/api.w.org\/{rel}","templated":true}]}}